{"id":3152,"date":"2015-09-23T14:41:47","date_gmt":"2015-09-23T18:41:47","guid":{"rendered":"https:\/\/winkstrategies.com\/en\/blog\/"},"modified":"2015-11-12T15:27:57","modified_gmt":"2015-11-12T19:27:57","slug":"blog","status":"publish","type":"page","link":"https:\/\/winkstrategies.com\/en\/blog\/","title":{"rendered":"Blog"},"content":{"rendered":"","protected":false},"excerpt":{"rendered":"","protected":false},"author":1,"featured_media":0,"parent":0,"menu_order":0,"comment_status":"closed","ping_status":"closed","template":"","meta":{"_acf_changed":false,"footnotes":""},"class_list":["post-3152","page","type-page","status-publish","hentry"],"acf":[],"yoast_head":"<!-- This site is optimized with the Yoast SEO Premium plugin v27.4 (Yoast SEO v27.4) - https:\/\/yoast.com\/product\/yoast-seo-premium-wordpress\/ -->\n<title>Wink strategies - Agence de communication<\/title>\n<meta name=\"robots\" content=\"index, follow, max-snippet:-1, max-image-preview:large, max-video-preview:-1\" \/>\n<link rel=\"canonical\" href=\"https:\/\/winkstrategies.com\/en\/blog\/\" \/>\n<meta property=\"og:locale\" content=\"en_US\" \/>\n<meta property=\"og:type\" content=\"article\" \/>\n<meta property=\"og:title\" content=\"Blog\" \/>\n<meta property=\"og:url\" content=\"https:\/\/winkstrategies.com\/en\/blog\/\" \/>\n<meta property=\"og:site_name\" content=\"Wink Strategies\" \/>\n<meta property=\"article:publisher\" content=\"https:\/\/www.facebook.com\/winkstrategies\/\" \/>\n<meta property=\"article:modified_time\" content=\"2015-11-12T19:27:57+00:00\" \/>\n<meta name=\"twitter:card\" content=\"summary_large_image\" \/>\n<meta name=\"twitter:site\" content=\"@winkstrategies\" \/>\n<script type=\"application\/ld+json\" class=\"yoast-schema-graph\">{\"@context\":\"https:\\\/\\\/schema.org\",\"@graph\":[{\"@type\":\"WebPage\",\"@id\":\"https:\\\/\\\/winkstrategies.com\\\/en\\\/blog\\\/\",\"url\":\"https:\\\/\\\/winkstrategies.com\\\/en\\\/blog\\\/\",\"name\":\"Wink strategies - Agence de communication\",\"isPartOf\":{\"@id\":\"https:\\\/\\\/winkstrategies.com\\\/#website\"},\"datePublished\":\"2015-09-23T18:41:47+00:00\",\"dateModified\":\"2015-11-12T19:27:57+00:00\",\"breadcrumb\":{\"@id\":\"https:\\\/\\\/winkstrategies.com\\\/en\\\/blog\\\/#breadcrumb\"},\"inLanguage\":\"en-US\",\"potentialAction\":[{\"@type\":\"ReadAction\",\"target\":[\"https:\\\/\\\/winkstrategies.com\\\/en\\\/blog\\\/\"]}]},{\"@type\":\"BreadcrumbList\",\"@id\":\"https:\\\/\\\/winkstrategies.com\\\/en\\\/blog\\\/#breadcrumb\",\"itemListElement\":[{\"@type\":\"ListItem\",\"position\":1,\"name\":\"Accueil\",\"item\":\"https:\\\/\\\/winkstrategies.com\\\/\"},{\"@type\":\"ListItem\",\"position\":2,\"name\":\"Blog\"}]},{\"@type\":\"WebSite\",\"@id\":\"https:\\\/\\\/winkstrategies.com\\\/#website\",\"url\":\"https:\\\/\\\/winkstrategies.com\\\/\",\"name\":\"Wink Strategies\",\"description\":\"Ideas That Bring People Together. Actions That Make a Difference.\",\"publisher\":{\"@id\":\"https:\\\/\\\/winkstrategies.com\\\/#organization\"},\"alternateName\":\"Wink\",\"potentialAction\":[{\"@type\":\"SearchAction\",\"target\":{\"@type\":\"EntryPoint\",\"urlTemplate\":\"https:\\\/\\\/winkstrategies.com\\\/?s={search_term_string}\"},\"query-input\":{\"@type\":\"PropertyValueSpecification\",\"valueRequired\":true,\"valueName\":\"search_term_string\"}}],\"inLanguage\":\"en-US\"},{\"@type\":\"Organization\",\"@id\":\"https:\\\/\\\/winkstrategies.com\\\/#organization\",\"name\":\"Wink Strat\u00e9gies\",\"alternateName\":\"Wink\",\"url\":\"https:\\\/\\\/winkstrategies.com\\\/\",\"logo\":{\"@type\":\"ImageObject\",\"inLanguage\":\"en-US\",\"@id\":\"https:\\\/\\\/winkstrategies.com\\\/#\\\/schema\\\/logo\\\/image\\\/\",\"url\":\"https:\\\/\\\/winkstrategies.com\\\/wp-content\\\/uploads\\\/2019\\\/01\\\/wink_logo.jpg\",\"contentUrl\":\"https:\\\/\\\/winkstrategies.com\\\/wp-content\\\/uploads\\\/2019\\\/01\\\/wink_logo.jpg\",\"width\":1920,\"height\":1080,\"caption\":\"Wink Strat\u00e9gies\"},\"image\":{\"@id\":\"https:\\\/\\\/winkstrategies.com\\\/#\\\/schema\\\/logo\\\/image\\\/\"},\"sameAs\":[\"https:\\\/\\\/www.facebook.com\\\/winkstrategies\\\/\",\"https:\\\/\\\/x.com\\\/winkstrategies\",\"https:\\\/\\\/www.instagram.com\\\/wink.strategies\\\/\",\"https:\\\/\\\/www.linkedin.com\\\/company\\\/wink-strategies\"],\"description\":\"Wink Strat\u00e9gies est une agence de communication cr\u00e9ative, strat\u00e9gique et socialement engag\u00e9e. Nous aidons les organisations \u00e0 cr\u00e9er de l'impact dans leur communaut\u00e9, leur secteur et dans la soci\u00e9t\u00e9. Avec des bureaux au Canada et en France, l\u2019agence dessert une client\u00e8le aussi bien locale qu\u2019internationale, vari\u00e9e en taille et endomaine d\u2019expertise.\",\"email\":\"info@winkstrategies.com\",\"legalName\":\"Wink Strategies\"}]}<\/script>\n<!-- \/ Yoast SEO Premium plugin. -->","yoast_head_json":{"title":"Wink strategies - Agence de communication","robots":{"index":"index","follow":"follow","max-snippet":"max-snippet:-1","max-image-preview":"max-image-preview:large","max-video-preview":"max-video-preview:-1"},"canonical":"https:\/\/winkstrategies.com\/en\/blog\/","og_locale":"en_US","og_type":"article","og_title":"Blog","og_url":"https:\/\/winkstrategies.com\/en\/blog\/","og_site_name":"Wink Strategies","article_publisher":"https:\/\/www.facebook.com\/winkstrategies\/","article_modified_time":"2015-11-12T19:27:57+00:00","twitter_card":"summary_large_image","twitter_site":"@winkstrategies","schema":{"@context":"https:\/\/schema.org","@graph":[{"@type":"WebPage","@id":"https:\/\/winkstrategies.com\/en\/blog\/","url":"https:\/\/winkstrategies.com\/en\/blog\/","name":"Wink strategies - Agence de communication","isPartOf":{"@id":"https:\/\/winkstrategies.com\/#website"},"datePublished":"2015-09-23T18:41:47+00:00","dateModified":"2015-11-12T19:27:57+00:00","breadcrumb":{"@id":"https:\/\/winkstrategies.com\/en\/blog\/#breadcrumb"},"inLanguage":"en-US","potentialAction":[{"@type":"ReadAction","target":["https:\/\/winkstrategies.com\/en\/blog\/"]}]},{"@type":"BreadcrumbList","@id":"https:\/\/winkstrategies.com\/en\/blog\/#breadcrumb","itemListElement":[{"@type":"ListItem","position":1,"name":"Accueil","item":"https:\/\/winkstrategies.com\/"},{"@type":"ListItem","position":2,"name":"Blog"}]},{"@type":"WebSite","@id":"https:\/\/winkstrategies.com\/#website","url":"https:\/\/winkstrategies.com\/","name":"Wink Strategies","description":"Ideas That Bring People Together. Actions That Make a Difference.","publisher":{"@id":"https:\/\/winkstrategies.com\/#organization"},"alternateName":"Wink","potentialAction":[{"@type":"SearchAction","target":{"@type":"EntryPoint","urlTemplate":"https:\/\/winkstrategies.com\/?s={search_term_string}"},"query-input":{"@type":"PropertyValueSpecification","valueRequired":true,"valueName":"search_term_string"}}],"inLanguage":"en-US"},{"@type":"Organization","@id":"https:\/\/winkstrategies.com\/#organization","name":"Wink Strat\u00e9gies","alternateName":"Wink","url":"https:\/\/winkstrategies.com\/","logo":{"@type":"ImageObject","inLanguage":"en-US","@id":"https:\/\/winkstrategies.com\/#\/schema\/logo\/image\/","url":"https:\/\/winkstrategies.com\/wp-content\/uploads\/2019\/01\/wink_logo.jpg","contentUrl":"https:\/\/winkstrategies.com\/wp-content\/uploads\/2019\/01\/wink_logo.jpg","width":1920,"height":1080,"caption":"Wink Strat\u00e9gies"},"image":{"@id":"https:\/\/winkstrategies.com\/#\/schema\/logo\/image\/"},"sameAs":["https:\/\/www.facebook.com\/winkstrategies\/","https:\/\/x.com\/winkstrategies","https:\/\/www.instagram.com\/wink.strategies\/","https:\/\/www.linkedin.com\/company\/wink-strategies"],"description":"Wink Strat\u00e9gies est une agence de communication cr\u00e9ative, strat\u00e9gique et socialement engag\u00e9e. Nous aidons les organisations \u00e0 cr\u00e9er de l'impact dans leur communaut\u00e9, leur secteur et dans la soci\u00e9t\u00e9. Avec des bureaux au Canada et en France, l\u2019agence dessert une client\u00e8le aussi bien locale qu\u2019internationale, vari\u00e9e en taille et endomaine d\u2019expertise.","email":"info@winkstrategies.com","legalName":"Wink Strategies"}]}},"_links":{"self":[{"href":"https:\/\/winkstrategies.com\/en\/wp-json\/wp\/v2\/pages\/3152","targetHints":{"allow":["GET"]}}],"collection":[{"href":"https:\/\/winkstrategies.com\/en\/wp-json\/wp\/v2\/pages"}],"about":[{"href":"https:\/\/winkstrategies.com\/en\/wp-json\/wp\/v2\/types\/page"}],"author":[{"embeddable":true,"href":"https:\/\/winkstrategies.com\/en\/wp-json\/wp\/v2\/users\/1"}],"replies":[{"embeddable":true,"href":"https:\/\/winkstrategies.com\/en\/wp-json\/wp\/v2\/comments?post=3152"}],"version-history":[{"count":0,"href":"https:\/\/winkstrategies.com\/en\/wp-json\/wp\/v2\/pages\/3152\/revisions"}],"wp:attachment":[{"href":"https:\/\/winkstrategies.com\/en\/wp-json\/wp\/v2\/media?parent=3152"}],"curies":[{"name":"wp","href":"https:\/\/api.w.org\/{rel}","templated":true}]}}